{"id":69,"date":"2023-10-11T12:08:25","date_gmt":"2023-10-11T10:08:25","guid":{"rendered":"https:\/\/sports-femmes.com\/blog\/?page_id=69"},"modified":"2026-03-31T14:02:31","modified_gmt":"2026-03-31T12:02:31","slug":"lequipe","status":"publish","type":"page","link":"https:\/\/sports-femmes.com\/blog\/lequipe\/","title":{"rendered":"L&rsquo;\u00e9quipe &#038; \u00c9dito"},"content":{"rendered":"<p><span style=\"font-weight: 400;\">Sports Femmes est votre magazine de r\u00e9f\u00e9rence pour le sport et le bien-\u00eatre f\u00e9minin \u2014 programmes d&rsquo;entra\u00eenement adapt\u00e9s (renforcement musculaire, yoga, pilates, cardio, fitness \u00e0 domicile), nutrition sportive, portraits d&rsquo;athl\u00e8tes inspirantes, v\u00eatements de sport \u00e9coresponsables, pr\u00e9paration triathlon et acc\u00e8s aux clubs d&rsquo;aviron et d&rsquo;escalade. Votre puissance au quotidien. <\/span><span style=\"font-weight: 400;\">Notre \u00e9quipe rassemble des coachs sportives, des nutritionnistes, des athl\u00e8tes et des journalistes sportives qui vivent le sport au f\u00e9minin au quotidien.<\/span><\/p>\n","protected":false},"excerpt":{"rendered":"","protected":false},"author":34,"featured_media":0,"parent":0,"menu_order":0,"comment_status":"closed","ping_status":"closed","template":"","meta":{"_acf_changed":false,"manual_indexmenow":false,"indexmenow_id_project":0,"footnotes":""},"class_list":["post-69","page","type-page","status-publish"],"acf":[],"yoast_head":"<!-- This site is optimized with the Yoast SEO Premium plugin v21.3 (Yoast SEO v26.5) - https:\/\/yoast.com\/wordpress\/plugins\/seo\/ -->\n<title>L&#039;\u00e9quipe &amp; \u00c9dito<\/title>\n<meta name=\"description\" content=\"Sports Femmes est votre magazine de r\u00e9f\u00e9rence pour le sport et le bien-\u00eatre f\u00e9minin \u2014 programmes d&#039;entra\u00eenement adapt\u00e9s (renforcement musculaire, yoga,\" \/>\n<meta name=\"robots\" content=\"index, follow, max-snippet:-1, max-image-preview:large, max-video-preview:-1\" \/>\n<link rel=\"canonical\" href=\"https:\/\/sports-femmes.com\/blog\/lequipe\/\" \/>\n<meta property=\"og:locale\" content=\"fr_FR\" \/>\n<meta property=\"og:type\" content=\"article\" \/>\n<meta property=\"og:title\" content=\"L&#039;\u00e9quipe &amp; \u00c9dito\" \/>\n<meta property=\"og:description\" content=\"Sports Femmes est votre magazine de r\u00e9f\u00e9rence pour le sport et le bien-\u00eatre f\u00e9minin \u2014 programmes d&#039;entra\u00eenement adapt\u00e9s (renforcement musculaire, yoga,\" \/>\n<meta property=\"og:url\" content=\"https:\/\/sports-femmes.com\/blog\/lequipe\/\" \/>\n<meta property=\"og:site_name\" content=\"sports-femmes\" \/>\n<meta name=\"twitter:card\" content=\"summary_large_image\" \/>\n<script type=\"application\/ld+json\" class=\"yoast-schema-graph\">{\"@context\":\"https:\/\/schema.org\",\"@graph\":[{\"@type\":\"WebPage\",\"@id\":\"https:\/\/sports-femmes.com\/blog\/lequipe\/\",\"url\":\"https:\/\/sports-femmes.com\/blog\/lequipe\/\",\"name\":\"L'\u00e9quipe & \u00c9dito\",\"isPartOf\":{\"@id\":\"https:\/\/sports-femmes.com\/blog\/#website\"},\"datePublished\":\"2023-10-11T10:08:25+00:00\",\"dateModified\":\"2026-03-31T12:02:31+00:00\",\"description\":\"Sports Femmes est votre magazine de r\u00e9f\u00e9rence pour le sport et le bien-\u00eatre f\u00e9minin \u2014 programmes d'entra\u00eenement adapt\u00e9s (renforcement musculaire, yoga,\",\"inLanguage\":\"fr-FR\",\"potentialAction\":[{\"@type\":\"ReadAction\",\"target\":[\"https:\/\/sports-femmes.com\/blog\/lequipe\/\"]}]},{\"@type\":\"WebSite\",\"@id\":\"https:\/\/sports-femmes.com\/blog\/#website\",\"url\":\"https:\/\/sports-femmes.com\/blog\/\",\"name\":\"sports-femmes.com\",\"description\":\"Sports Femmes, la force au f\u00e9minin\",\"publisher\":{\"@id\":\"https:\/\/sports-femmes.com\/blog\/#organization\"},\"alternateName\":\"Sports Femmes, la force au f\u00e9minin\",\"potentialAction\":[{\"@type\":\"SearchAction\",\"target\":{\"@type\":\"EntryPoint\",\"urlTemplate\":\"https:\/\/sports-femmes.com\/blog\/?s={search_term_string}\"},\"query-input\":{\"@type\":\"PropertyValueSpecification\",\"valueRequired\":true,\"valueName\":\"search_term_string\"}}],\"inLanguage\":\"fr-FR\"},{\"@type\":\"Organization\",\"@id\":\"https:\/\/sports-femmes.com\/blog\/#organization\",\"name\":\"Foretsensations.fr\",\"url\":\"https:\/\/sports-femmes.com\/blog\/\",\"logo\":{\"@type\":\"ImageObject\",\"inLanguage\":\"fr-FR\",\"@id\":\"https:\/\/sports-femmes.com\/blog\/#\/schema\/logo\/image\/\",\"url\":\"https:\/\/sports-femmes.com\/blog\/wp-content\/uploads\/2024\/12\/1.png\",\"contentUrl\":\"https:\/\/sports-femmes.com\/blog\/wp-content\/uploads\/2024\/12\/1.png\",\"width\":500,\"height\":500,\"caption\":\"Foretsensations.fr\"},\"image\":{\"@id\":\"https:\/\/sports-femmes.com\/blog\/#\/schema\/logo\/image\/\"}}]}<\/script>\n<!-- \/ Yoast SEO Premium plugin. -->","yoast_head_json":{"title":"L'\u00e9quipe & \u00c9dito","description":"Sports Femmes est votre magazine de r\u00e9f\u00e9rence pour le sport et le bien-\u00eatre f\u00e9minin \u2014 programmes d'entra\u00eenement adapt\u00e9s (renforcement musculaire, yoga,","robots":{"index":"index","follow":"follow","max-snippet":"max-snippet:-1","max-image-preview":"max-image-preview:large","max-video-preview":"max-video-preview:-1"},"canonical":"https:\/\/sports-femmes.com\/blog\/lequipe\/","og_locale":"fr_FR","og_type":"article","og_title":"L'\u00e9quipe & \u00c9dito","og_description":"Sports Femmes est votre magazine de r\u00e9f\u00e9rence pour le sport et le bien-\u00eatre f\u00e9minin \u2014 programmes d'entra\u00eenement adapt\u00e9s (renforcement musculaire, yoga,","og_url":"https:\/\/sports-femmes.com\/blog\/lequipe\/","og_site_name":"sports-femmes","twitter_card":"summary_large_image","schema":{"@context":"https:\/\/schema.org","@graph":[{"@type":"WebPage","@id":"https:\/\/sports-femmes.com\/blog\/lequipe\/","url":"https:\/\/sports-femmes.com\/blog\/lequipe\/","name":"L'\u00e9quipe & \u00c9dito","isPartOf":{"@id":"https:\/\/sports-femmes.com\/blog\/#website"},"datePublished":"2023-10-11T10:08:25+00:00","dateModified":"2026-03-31T12:02:31+00:00","description":"Sports Femmes est votre magazine de r\u00e9f\u00e9rence pour le sport et le bien-\u00eatre f\u00e9minin \u2014 programmes d'entra\u00eenement adapt\u00e9s (renforcement musculaire, yoga,","inLanguage":"fr-FR","potentialAction":[{"@type":"ReadAction","target":["https:\/\/sports-femmes.com\/blog\/lequipe\/"]}]},{"@type":"WebSite","@id":"https:\/\/sports-femmes.com\/blog\/#website","url":"https:\/\/sports-femmes.com\/blog\/","name":"sports-femmes.com","description":"Sports Femmes, la force au f\u00e9minin","publisher":{"@id":"https:\/\/sports-femmes.com\/blog\/#organization"},"alternateName":"Sports Femmes, la force au f\u00e9minin","potentialAction":[{"@type":"SearchAction","target":{"@type":"EntryPoint","urlTemplate":"https:\/\/sports-femmes.com\/blog\/?s={search_term_string}"},"query-input":{"@type":"PropertyValueSpecification","valueRequired":true,"valueName":"search_term_string"}}],"inLanguage":"fr-FR"},{"@type":"Organization","@id":"https:\/\/sports-femmes.com\/blog\/#organization","name":"Foretsensations.fr","url":"https:\/\/sports-femmes.com\/blog\/","logo":{"@type":"ImageObject","inLanguage":"fr-FR","@id":"https:\/\/sports-femmes.com\/blog\/#\/schema\/logo\/image\/","url":"https:\/\/sports-femmes.com\/blog\/wp-content\/uploads\/2024\/12\/1.png","contentUrl":"https:\/\/sports-femmes.com\/blog\/wp-content\/uploads\/2024\/12\/1.png","width":500,"height":500,"caption":"Foretsensations.fr"},"image":{"@id":"https:\/\/sports-femmes.com\/blog\/#\/schema\/logo\/image\/"}}]}},"_links":{"self":[{"href":"https:\/\/sports-femmes.com\/blog\/wp-json\/wp\/v2\/pages\/69","targetHints":{"allow":["GET"]}}],"collection":[{"href":"https:\/\/sports-femmes.com\/blog\/wp-json\/wp\/v2\/pages"}],"about":[{"href":"https:\/\/sports-femmes.com\/blog\/wp-json\/wp\/v2\/types\/page"}],"author":[{"embeddable":true,"href":"https:\/\/sports-femmes.com\/blog\/wp-json\/wp\/v2\/users\/34"}],"replies":[{"embeddable":true,"href":"https:\/\/sports-femmes.com\/blog\/wp-json\/wp\/v2\/comments?post=69"}],"version-history":[{"count":35,"href":"https:\/\/sports-femmes.com\/blog\/wp-json\/wp\/v2\/pages\/69\/revisions"}],"predecessor-version":[{"id":7623,"href":"https:\/\/sports-femmes.com\/blog\/wp-json\/wp\/v2\/pages\/69\/revisions\/7623"}],"wp:attachment":[{"href":"https:\/\/sports-femmes.com\/blog\/wp-json\/wp\/v2\/media?parent=69"}],"curies":[{"name":"wp","href":"https:\/\/api.w.org\/{rel}","templated":true}]}}